{"id":1007,"date":"2020-02-13T13:18:02","date_gmt":"2020-02-13T13:18:02","guid":{"rendered":"https:\/\/the7.io\/elementor-business-one-page\/?page_id=1007"},"modified":"2021-10-18T04:26:40","modified_gmt":"2021-10-18T04:26:40","slug":"service03","status":"publish","type":"page","link":"https:\/\/www.talnagrafika.si\/?page_id=1007","title":{"rendered":"Enobarvno"},"content":{"rendered":"\t\t<div data-elementor-type=\"wp-page\" data-elementor-id=\"1007\" class=\"elementor elementor-1007\">\n\t\t\t\t\t\t<div class=\"elementor-inner\">\n\t\t\t\t<div class=\"elementor-section-wrap\">\n\t\t\t\t\t\t\t\t\t<section class=\"elementor-section elementor-top-section elementor-element elementor-element-3aa9bc8 elementor-section-boxed elementor-section-height-default elementor-section-height-default\" data-id=\"3aa9bc8\" data-element_type=\"section\">\n\t\t\t\t\t\t<div class=\"elementor-container elementor-column-gap-default\">\n\t\t\t\t\t\t\t<div class=\"elementor-row\">\n\t\t\t\t\t<div class=\"elementor-column elementor-col-100 elementor-top-column elementor-element elementor-element-aefb052\" data-id=\"aefb052\" data-element_type=\"column\">\n\t\t\t<div class=\"elementor-column-wrap elementor-element-populated\">\n\t\t\t\t\t\t\t<div class=\"elementor-widget-wrap\">\n\t\t\t\t\t\t<div class=\"elementor-element elementor-element-3daa7d5 elementor-widget elementor-widget-the7_elements\" data-id=\"3daa7d5\" data-element_type=\"widget\" data-widget_type=\"the7_elements.default\">\n\t\t\t\t<div class=\"elementor-widget-container\">\n\t\t\t<div  class=\"portfolio-shortcode the7-elementor-widget the7_elements-3daa7d5 mode-grid dt-css-grid-wrap classic-layout-list description-under-image quick-scale-img meta-info-off content-bg-on enable-bg-rollover resize-by-browser-width loading-effect-fade-in jquery-filter\"  data-padding=\"15px\" data-cur-page=\"1\" data-post-limit=\"-1\" data-pagination-mode=\"none\" data-mobile-columns-num=\"1\" data-tablet-columns-num=\"2\" data-desktop-columns-num=\"4\" data-wide-desktop-columns-num=\"4\"><div class=\"dt-css-grid custom-pagination-handler\"><div class=\"visible wf-cell\" data-post-id=\"587\" data-date=\"2020-03-28T10:15:31+00:00\" data-name=\"EcoAbsorb\"><article class=\"post visible post-587 dt_portfolio type-dt_portfolio status-publish has-post-thumbnail hentry dt_portfolio_category-enobarvno dt_portfolio_category-52 description-off\" data-name=\"EcoAbsorb\" data-date=\"2020-03-28T10:15:31+00:00\">\n\n\t<div class=\"post-thumbnail-wrap \">\n\t\t<div class=\"post-thumbnail\">\n\n\t\t\t<a href=\"https:\/\/www.talnagrafika.si\/?dt_portfolio=ecoabsorb\" class=\"post-thumbnail-rollover layzr-bg\" aria-label=\"Post image\" rel=\"nofollow\"><img loading=\"lazy\" class=\"preload-me lazy-load\" src=\"data:image\/svg+xml,%3Csvg%20xmlns%3D&#39;http%3A%2F%2Fwww.w3.org%2F2000%2Fsvg&#39;%20viewBox%3D&#39;0%200%20768%20384&#39;%2F%3E\" data-src=\"https:\/\/www.talnagrafika.si\/wp-content\/uploads\/2020\/02\/002-EcoAbsorb-768x384.jpg\" data-srcset=\"https:\/\/www.talnagrafika.si\/wp-content\/uploads\/2020\/02\/002-EcoAbsorb-768x384.jpg 768w, https:\/\/www.talnagrafika.si\/wp-content\/uploads\/2020\/02\/002-EcoAbsorb-1152x576.jpg 1152w\" alt=\"EcoAbsorb\" title=\"002 EcoAbsorb\" width=\"768\" height=\"384\"  \/><\/a>\n\t\t<\/div>\n\t<\/div>\n\n\n<div class=\"post-entry-content\">\n\n\t<h3 class=\"ele-entry-title\"><a href=\"https:\/\/www.talnagrafika.si\/?dt_portfolio=ecoabsorb\" title=\"EcoAbsorb\" rel=\"bookmark\">EcoAbsorb<\/a><\/h3><div class=\"entry-excerpt\"><p>Zelo vpojna, hitro su\u0161ljiva in trpe\u017ena okolju prijazna preproga.<\/p>\n<\/div>\n<a class=\"post-details details-type-btn dt-btn-s dt-btn\" href=\"https:\/\/www.talnagrafika.si\/?dt_portfolio=ecoabsorb\" rel=\"nofollow\" aria-label=\"Read more about EcoAbsorb\"><span>Ve\u010d<\/span><i aria-hidden=\"true\" class=\"dt-icon-the7-arrow-552\"><\/i><\/a>\n<\/div><\/article><\/div><div class=\"visible wf-cell\" data-post-id=\"1928\" data-date=\"2021-03-23T12:43:24+00:00\" data-name=\"Entrance\"><article class=\"post visible post-1928 dt_portfolio type-dt_portfolio status-publish has-post-thumbnail hentry dt_portfolio_category-enobarvno dt_portfolio_category-52 description-off\" data-name=\"Entrance\" data-date=\"2021-03-23T12:43:24+00:00\">\n\n\t<div class=\"post-thumbnail-wrap \">\n\t\t<div class=\"post-thumbnail\">\n\n\t\t\t<a href=\"https:\/\/www.talnagrafika.si\/?dt_portfolio=entrance\" class=\"post-thumbnail-rollover layzr-bg\" aria-label=\"Post image\" rel=\"nofollow\"><img loading=\"lazy\" class=\"preload-me lazy-load\" src=\"data:image\/svg+xml,%3Csvg%20xmlns%3D&#39;http%3A%2F%2Fwww.w3.org%2F2000%2Fsvg&#39;%20viewBox%3D&#39;0%200%20768%20384&#39;%2F%3E\" data-src=\"https:\/\/www.talnagrafika.si\/wp-content\/uploads\/2021\/03\/007-Entrance-768x384.jpg\" data-srcset=\"https:\/\/www.talnagrafika.si\/wp-content\/uploads\/2021\/03\/007-Entrance-768x384.jpg 768w, https:\/\/www.talnagrafika.si\/wp-content\/uploads\/2021\/03\/007-Entrance-1152x576.jpg 1152w\" alt=\"Entrance\" title=\"007 Entrance\" width=\"768\" height=\"384\"  \/><\/a>\n\t\t<\/div>\n\t<\/div>\n\n\n<div class=\"post-entry-content\">\n\n\t<h3 class=\"ele-entry-title\"><a href=\"https:\/\/www.talnagrafika.si\/?dt_portfolio=entrance\" title=\"Entrance\" rel=\"bookmark\">Entrance<\/a><\/h3><div class=\"entry-excerpt\"><p>Izjemno trpe\u017ena najlonska preproga za ohranjanje \u010disto\u010de tudi v najbolj obiskanih prostorih.<\/p>\n<\/div>\n<a class=\"post-details details-type-btn dt-btn-s dt-btn\" href=\"https:\/\/www.talnagrafika.si\/?dt_portfolio=entrance\" rel=\"nofollow\" aria-label=\"Read more about Entrance\"><span>Ve\u010d<\/span><i aria-hidden=\"true\" class=\"dt-icon-the7-arrow-552\"><\/i><\/a>\n<\/div><\/article><\/div><div class=\"visible wf-cell\" data-post-id=\"1933\" data-date=\"2021-03-23T12:50:30+00:00\" data-name=\"Green-Horse\"><article class=\"post visible post-1933 dt_portfolio type-dt_portfolio status-publish has-post-thumbnail hentry dt_portfolio_category-enobarvno dt_portfolio_category-52 description-off\" data-name=\"Green-Horse\" data-date=\"2021-03-23T12:50:30+00:00\">\n\n\t<div class=\"post-thumbnail-wrap \">\n\t\t<div class=\"post-thumbnail\">\n\n\t\t\t<a href=\"https:\/\/www.talnagrafika.si\/?dt_portfolio=green-horse\" class=\"post-thumbnail-rollover layzr-bg\" aria-label=\"Post image\" rel=\"nofollow\"><img loading=\"lazy\" class=\"preload-me lazy-load\" src=\"data:image\/svg+xml,%3Csvg%20xmlns%3D&#39;http%3A%2F%2Fwww.w3.org%2F2000%2Fsvg&#39;%20viewBox%3D&#39;0%200%20768%20384&#39;%2F%3E\" data-src=\"https:\/\/www.talnagrafika.si\/wp-content\/uploads\/2021\/03\/001-Green-Horse-scaled-768x384.jpg\" data-srcset=\"https:\/\/www.talnagrafika.si\/wp-content\/uploads\/2021\/03\/001-Green-Horse-scaled-768x384.jpg 768w, https:\/\/www.talnagrafika.si\/wp-content\/uploads\/2021\/03\/001-Green-Horse-scaled-1152x576.jpg 1152w\" alt=\"Green-Horse\" title=\"001 Green-Horse\" width=\"768\" height=\"384\"  \/><\/a>\n\t\t<\/div>\n\t<\/div>\n\n\n<div class=\"post-entry-content\">\n\n\t<h3 class=\"ele-entry-title\"><a href=\"https:\/\/www.talnagrafika.si\/?dt_portfolio=green-horse\" title=\"Green-Horse\" rel=\"bookmark\">Green-Horse<\/a><\/h3><div class=\"entry-excerpt\"><p>Zelena izbira: Izdelana iz reciklirane PET plastike, trajnostna in trpe\u017ena preproga.<\/p>\n<\/div>\n<a class=\"post-details details-type-btn dt-btn-s dt-btn\" href=\"https:\/\/www.talnagrafika.si\/?dt_portfolio=green-horse\" rel=\"nofollow\" aria-label=\"Read more about Green-Horse\"><span>Ve\u010d<\/span><i aria-hidden=\"true\" class=\"dt-icon-the7-arrow-552\"><\/i><\/a>\n<\/div><\/article><\/div><div class=\"visible wf-cell\" data-post-id=\"1938\" data-date=\"2021-03-23T13:04:51+00:00\" data-name=\"Iron-Horse\"><article class=\"post visible post-1938 dt_portfolio type-dt_portfolio status-publish has-post-thumbnail hentry dt_portfolio_category-enobarvno dt_portfolio_category-52 description-off\" data-name=\"Iron-Horse\" data-date=\"2021-03-23T13:04:51+00:00\">\n\n\t<div class=\"post-thumbnail-wrap \">\n\t\t<div class=\"post-thumbnail\">\n\n\t\t\t<a href=\"https:\/\/www.talnagrafika.si\/?dt_portfolio=iron-horse\" class=\"post-thumbnail-rollover layzr-bg\" aria-label=\"Post image\" rel=\"nofollow\"><img loading=\"lazy\" class=\"preload-me lazy-load\" src=\"data:image\/svg+xml,%3Csvg%20xmlns%3D&#39;http%3A%2F%2Fwww.w3.org%2F2000%2Fsvg&#39;%20viewBox%3D&#39;0%200%20768%20384&#39;%2F%3E\" data-src=\"https:\/\/www.talnagrafika.si\/wp-content\/uploads\/2021\/03\/012-Iron-Horse-scaled-768x384.jpg\" data-srcset=\"https:\/\/www.talnagrafika.si\/wp-content\/uploads\/2021\/03\/012-Iron-Horse-scaled-768x384.jpg 768w, https:\/\/www.talnagrafika.si\/wp-content\/uploads\/2021\/03\/012-Iron-Horse-scaled-1152x576.jpg 1152w\" alt=\"Iron-Horse\" title=\"012 Iron-Horse\" width=\"768\" height=\"384\"  \/><\/a>\n\t\t<\/div>\n\t<\/div>\n\n\n<div class=\"post-entry-content\">\n\n\t<h3 class=\"ele-entry-title\"><a href=\"https:\/\/www.talnagrafika.si\/?dt_portfolio=iron-horse\" title=\"Iron-Horse\" rel=\"bookmark\">Iron-Horse<\/a><\/h3><div class=\"entry-excerpt\"><p>Profesionalna, pralna preproga za prepre\u010devanje vnosa umazanije v poslovne prostore.<\/p>\n<\/div>\n<a class=\"post-details details-type-btn dt-btn-s dt-btn\" href=\"https:\/\/www.talnagrafika.si\/?dt_portfolio=iron-horse\" rel=\"nofollow\" aria-label=\"Read more about Iron-Horse\"><span>Ve\u010d<\/span><i aria-hidden=\"true\" class=\"dt-icon-the7-arrow-552\"><\/i><\/a>\n<\/div><\/article><\/div><div class=\"visible wf-cell\" data-post-id=\"1943\" data-date=\"2021-03-23T13:13:17+00:00\" data-name=\"Iron-Horse XL\"><article class=\"post visible post-1943 dt_portfolio type-dt_portfolio status-publish has-post-thumbnail hentry dt_portfolio_category-enobarvno dt_portfolio_category-52 description-off\" data-name=\"Iron-Horse XL\" data-date=\"2021-03-23T13:13:17+00:00\">\n\n\t<div class=\"post-thumbnail-wrap \">\n\t\t<div class=\"post-thumbnail\">\n\n\t\t\t<a href=\"https:\/\/www.talnagrafika.si\/?dt_portfolio=iron-horse-xl\" class=\"post-thumbnail-rollover layzr-bg\" aria-label=\"Post image\" rel=\"nofollow\"><img loading=\"lazy\" class=\"preload-me lazy-load\" src=\"data:image\/svg+xml,%3Csvg%20xmlns%3D&#39;http%3A%2F%2Fwww.w3.org%2F2000%2Fsvg&#39;%20viewBox%3D&#39;0%200%20768%20384&#39;%2F%3E\" data-src=\"https:\/\/www.talnagrafika.si\/wp-content\/uploads\/2021\/03\/001-Iron-Horse-XL-scaled-768x384.jpg\" data-srcset=\"https:\/\/www.talnagrafika.si\/wp-content\/uploads\/2021\/03\/001-Iron-Horse-XL-scaled-768x384.jpg 768w, https:\/\/www.talnagrafika.si\/wp-content\/uploads\/2021\/03\/001-Iron-Horse-XL-scaled-1152x576.jpg 1152w\" alt=\"\" title=\"001 Iron-Horse XL\" width=\"768\" height=\"384\"  \/><\/a>\n\t\t<\/div>\n\t<\/div>\n\n\n<div class=\"post-entry-content\">\n\n\t<h3 class=\"ele-entry-title\"><a href=\"https:\/\/www.talnagrafika.si\/?dt_portfolio=iron-horse-xl\" title=\"Iron-Horse XL\" rel=\"bookmark\">Iron-Horse XL<\/a><\/h3><div class=\"entry-excerpt\"><p>\u0160e trpe\u017enej\u0161a preproga za prepre\u010devanje umazanije in vlage!<\/p>\n<\/div>\n<a class=\"post-details details-type-btn dt-btn-s dt-btn\" href=\"https:\/\/www.talnagrafika.si\/?dt_portfolio=iron-horse-xl\" rel=\"nofollow\" aria-label=\"Read more about Iron-Horse XL\"><span>Ve\u010d<\/span><i aria-hidden=\"true\" class=\"dt-icon-the7-arrow-552\"><\/i><\/a>\n<\/div><\/article><\/div><div class=\"visible wf-cell\" data-post-id=\"1966\" data-date=\"2021-03-23T13:33:42+00:00\" data-name=\"Monotone\"><article class=\"post visible post-1966 dt_portfolio type-dt_portfolio status-publish has-post-thumbnail hentry dt_portfolio_category-enobarvno dt_portfolio_category-52 description-off\" data-name=\"Monotone\" data-date=\"2021-03-23T13:33:42+00:00\">\n\n\t<div class=\"post-thumbnail-wrap \">\n\t\t<div class=\"post-thumbnail\">\n\n\t\t\t<a href=\"https:\/\/www.talnagrafika.si\/?dt_portfolio=monotone\" class=\"post-thumbnail-rollover layzr-bg\" aria-label=\"Post image\" rel=\"nofollow\"><img loading=\"lazy\" class=\"preload-me lazy-load\" src=\"data:image\/svg+xml,%3Csvg%20xmlns%3D&#39;http%3A%2F%2Fwww.w3.org%2F2000%2Fsvg&#39;%20viewBox%3D&#39;0%200%20768%20384&#39;%2F%3E\" data-src=\"https:\/\/www.talnagrafika.si\/wp-content\/uploads\/2021\/03\/001-Monotone-768x384.jpg\" data-srcset=\"https:\/\/www.talnagrafika.si\/wp-content\/uploads\/2021\/03\/001-Monotone-768x384.jpg 768w, https:\/\/www.talnagrafika.si\/wp-content\/uploads\/2021\/03\/001-Monotone-1152x576.jpg 1152w\" alt=\"\" title=\"001 Monotone\" width=\"768\" height=\"384\"  \/><\/a>\n\t\t<\/div>\n\t<\/div>\n\n\n<div class=\"post-entry-content\">\n\n\t<h3 class=\"ele-entry-title\"><a href=\"https:\/\/www.talnagrafika.si\/?dt_portfolio=monotone\" title=\"Monotone\" rel=\"bookmark\">Monotone<\/a><\/h3><div class=\"entry-excerpt\"><p>Profesionalne funkcionalne preproge \u017eivih barv.<\/p>\n<\/div>\n<a class=\"post-details details-type-btn dt-btn-s dt-btn\" href=\"https:\/\/www.talnagrafika.si\/?dt_portfolio=monotone\" rel=\"nofollow\" aria-label=\"Read more about Monotone\"><span>Ve\u010d<\/span><i aria-hidden=\"true\" class=\"dt-icon-the7-arrow-552\"><\/i><\/a>\n<\/div><\/article><\/div><div class=\"visible wf-cell\" data-post-id=\"1974\" data-date=\"2021-03-23T13:38:37+00:00\" data-name=\"Super-Mat\"><article class=\"post visible post-1974 dt_portfolio type-dt_portfolio status-publish has-post-thumbnail hentry dt_portfolio_category-enobarvno dt_portfolio_category-52 description-off\" data-name=\"Super-Mat\" data-date=\"2021-03-23T13:38:37+00:00\">\n\n\t<div class=\"post-thumbnail-wrap \">\n\t\t<div class=\"post-thumbnail\">\n\n\t\t\t<a href=\"https:\/\/www.talnagrafika.si\/?dt_portfolio=super-mat\" class=\"post-thumbnail-rollover layzr-bg\" aria-label=\"Post image\" rel=\"nofollow\"><img loading=\"lazy\" class=\"preload-me lazy-load\" src=\"data:image\/svg+xml,%3Csvg%20xmlns%3D&#39;http%3A%2F%2Fwww.w3.org%2F2000%2Fsvg&#39;%20viewBox%3D&#39;0%200%20768%20384&#39;%2F%3E\" data-src=\"https:\/\/www.talnagrafika.si\/wp-content\/uploads\/2021\/03\/003-Super-Mat-scaled-768x384.jpg\" data-srcset=\"https:\/\/www.talnagrafika.si\/wp-content\/uploads\/2021\/03\/003-Super-Mat-scaled-768x384.jpg 768w, https:\/\/www.talnagrafika.si\/wp-content\/uploads\/2021\/03\/003-Super-Mat-scaled-1152x576.jpg 1152w\" alt=\"Super-Mat\" title=\"003 Super-Mat\" width=\"768\" height=\"384\"  \/><\/a>\n\t\t<\/div>\n\t<\/div>\n\n\n<div class=\"post-entry-content\">\n\n\t<h3 class=\"ele-entry-title\"><a href=\"https:\/\/www.talnagrafika.si\/?dt_portfolio=super-mat\" title=\"Super-Mat\" rel=\"bookmark\">Super-Mat<\/a><\/h3><div class=\"entry-excerpt\"><p>Dvojna vlakna, za dvojno \u010disto\u010do &#8211; trpe\u017ena preproga, za \u0161e \u010distej\u0161e prostore.<\/p>\n<\/div>\n<a class=\"post-details details-type-btn dt-btn-s dt-btn\" href=\"https:\/\/www.talnagrafika.si\/?dt_portfolio=super-mat\" rel=\"nofollow\" aria-label=\"Read more about Super-Mat\"><span>Ve\u010d<\/span><i aria-hidden=\"true\" class=\"dt-icon-the7-arrow-552\"><\/i><\/a>\n<\/div><\/article><\/div><div class=\"visible wf-cell\" data-post-id=\"1979\" data-date=\"2021-03-23T13:42:01+00:00\" data-name=\"Wash-Horse\"><article class=\"post visible post-1979 dt_portfolio type-dt_portfolio status-publish has-post-thumbnail hentry dt_portfolio_category-enobarvno dt_portfolio_category-52 description-off\" data-name=\"Wash-Horse\" data-date=\"2021-03-23T13:42:01+00:00\">\n\n\t<div class=\"post-thumbnail-wrap \">\n\t\t<div class=\"post-thumbnail\">\n\n\t\t\t<a href=\"https:\/\/www.talnagrafika.si\/?dt_portfolio=wash-horse\" class=\"post-thumbnail-rollover layzr-bg\" aria-label=\"Post image\" rel=\"nofollow\"><img loading=\"lazy\" class=\"preload-me lazy-load\" src=\"data:image\/svg+xml,%3Csvg%20xmlns%3D&#39;http%3A%2F%2Fwww.w3.org%2F2000%2Fsvg&#39;%20viewBox%3D&#39;0%200%20768%20384&#39;%2F%3E\" data-src=\"https:\/\/www.talnagrafika.si\/wp-content\/uploads\/2021\/03\/003-Wash-Horse-768x384.jpg\" data-srcset=\"https:\/\/www.talnagrafika.si\/wp-content\/uploads\/2021\/03\/003-Wash-Horse-768x384.jpg 768w, https:\/\/www.talnagrafika.si\/wp-content\/uploads\/2021\/03\/003-Wash-Horse-1152x576.jpg 1152w\" alt=\"Wash-Horse\" title=\"003 Wash-Horse\" width=\"768\" height=\"384\"  \/><\/a>\n\t\t<\/div>\n\t<\/div>\n\n\n<div class=\"post-entry-content\">\n\n\t<h3 class=\"ele-entry-title\"><a href=\"https:\/\/www.talnagrafika.si\/?dt_portfolio=wash-horse\" title=\"Wash-Horse\" rel=\"bookmark\">Wash-Horse<\/a><\/h3><div class=\"entry-excerpt\"><p>Ekstremno vpojne, 100% bomba\u017ene, pralne preproge.<\/p>\n<\/div>\n<a class=\"post-details details-type-btn dt-btn-s dt-btn\" href=\"https:\/\/www.talnagrafika.si\/?dt_portfolio=wash-horse\" rel=\"nofollow\" aria-label=\"Read more about Wash-Horse\"><span>Ve\u010d<\/span><i aria-hidden=\"true\" class=\"dt-icon-the7-arrow-552\"><\/i><\/a>\n<\/div><\/article><\/div><div class=\"visible wf-cell\" data-post-id=\"1987\" data-date=\"2021-03-23T13:46:31+00:00\" data-name=\"Water-Horse\"><article class=\"post visible post-1987 dt_portfolio type-dt_portfolio status-publish has-post-thumbnail hentry dt_portfolio_category-enobarvno dt_portfolio_category-52 description-off\" data-name=\"Water-Horse\" data-date=\"2021-03-23T13:46:31+00:00\">\n\n\t<div class=\"post-thumbnail-wrap \">\n\t\t<div class=\"post-thumbnail\">\n\n\t\t\t<a href=\"https:\/\/www.talnagrafika.si\/?dt_portfolio=water-horese\" class=\"post-thumbnail-rollover layzr-bg\" aria-label=\"Post image\" rel=\"nofollow\"><img loading=\"lazy\" class=\"preload-me lazy-load\" src=\"data:image\/svg+xml,%3Csvg%20xmlns%3D&#39;http%3A%2F%2Fwww.w3.org%2F2000%2Fsvg&#39;%20viewBox%3D&#39;0%200%20768%20384&#39;%2F%3E\" data-src=\"https:\/\/www.talnagrafika.si\/wp-content\/uploads\/2021\/03\/003-Water-Horse-768x384.jpg\" data-srcset=\"https:\/\/www.talnagrafika.si\/wp-content\/uploads\/2021\/03\/003-Water-Horse-768x384.jpg 768w, https:\/\/www.talnagrafika.si\/wp-content\/uploads\/2021\/03\/003-Water-Horse-1152x576.jpg 1152w\" alt=\"Water-Horse\" title=\"003 Water-Horse\" width=\"768\" height=\"384\"  \/><\/a>\n\t\t<\/div>\n\t<\/div>\n\n\n<div class=\"post-entry-content\">\n\n\t<h3 class=\"ele-entry-title\"><a href=\"https:\/\/www.talnagrafika.si\/?dt_portfolio=water-horese\" title=\"Water-Horse\" rel=\"bookmark\">Water-Horse<\/a><\/h3><div class=\"entry-excerpt\"><p>Preproga, ki je kos tudi najbolj mokrim tlom.<\/p>\n<\/div>\n<a class=\"post-details details-type-btn dt-btn-s dt-btn\" href=\"https:\/\/www.talnagrafika.si\/?dt_portfolio=water-horese\" rel=\"nofollow\" aria-label=\"Read more about Water-Horse\"><span>Ve\u010d<\/span><i aria-hidden=\"true\" class=\"dt-icon-the7-arrow-552\"><\/i><\/a>\n<\/div><\/article><\/div><\/div><!-- iso-container|iso-grid --><\/div>\t\t<\/div>\n\t\t\t\t<\/div>\n\t\t\t\t\t\t<\/div>\n\t\t\t\t\t<\/div>\n\t\t<\/div>\n\t\t\t\t\t\t\t\t<\/div>\n\t\t\t\t\t<\/div>\n\t\t<\/section>\n\t\t\t\t\t\t\t\t\t<\/div>\n\t\t\t<\/div>\n\t\t\t\t\t<\/div>\n\t\t","protected":false},"excerpt":{"rendered":"<p>EcoAbsorb Zelo vpojna, hitro su\u0161ljiva in trpe\u017ena okolju prijazna preproga. Ve\u010d Entrance Izjemno trpe\u017ena najlonska preproga za ohranjanje \u010disto\u010de tudi v najbolj obiskanih prostorih. Ve\u010d Green-Horse Zelena izbira: Izdelana iz reciklirane PET plastike, trajnostna in trpe\u017ena preproga. Ve\u010d Iron-Horse Profesionalna, pralna preproga za prepre\u010devanje vnosa umazanije v poslovne prostore. Ve\u010d Iron-Horse XL \u0160e trpe\u017enej\u0161a preproga&hellip;<\/p>\n","protected":false},"author":2,"featured_media":1657,"parent":0,"menu_order":5,"comment_status":"closed","ping_status":"closed","template":"elementor_header_footer","meta":[],"aioseo_notices":[],"_links":{"self":[{"href":"https:\/\/www.talnagrafika.si\/index.php?rest_route=\/wp\/v2\/pages\/1007"}],"collection":[{"href":"https:\/\/www.talnagrafika.si\/index.php?rest_route=\/wp\/v2\/pages"}],"about":[{"href":"https:\/\/www.talnagrafika.si\/index.php?rest_route=\/wp\/v2\/types\/page"}],"author":[{"embeddable":true,"href":"https:\/\/www.talnagrafika.si\/index.php?rest_route=\/wp\/v2\/users\/2"}],"replies":[{"embeddable":true,"href":"https:\/\/www.talnagrafika.si\/index.php?rest_route=%2Fwp%2Fv2%2Fcomments&post=1007"}],"version-history":[{"count":3,"href":"https:\/\/www.talnagrafika.si\/index.php?rest_route=\/wp\/v2\/pages\/1007\/revisions"}],"predecessor-version":[{"id":3693,"href":"https:\/\/www.talnagrafika.si\/index.php?rest_route=\/wp\/v2\/pages\/1007\/revisions\/3693"}],"wp:featuredmedia":[{"embeddable":true,"href":"https:\/\/www.talnagrafika.si\/index.php?rest_route=\/wp\/v2\/media\/1657"}],"wp:attachment":[{"href":"https:\/\/www.talnagrafika.si\/index.php?rest_route=%2Fwp%2Fv2%2Fmedia&parent=1007"}],"curies":[{"name":"wp","href":"https:\/\/api.w.org\/{rel}","templated":true}]}}