{"id":1009,"date":"2020-02-13T13:19:05","date_gmt":"2020-02-13T13:19:05","guid":{"rendered":"https:\/\/the7.io\/elementor-business-one-page\/?page_id=1009"},"modified":"2021-10-18T04:27:40","modified_gmt":"2021-10-18T04:27:40","slug":"oblikovano_po_vasi_zelji","status":"publish","type":"page","link":"https:\/\/www.talnagrafika.si\/?page_id=1009","title":{"rendered":"Oblikovano po va\u0161i \u017eelji"},"content":{"rendered":"\t\t<div data-elementor-type=\"wp-page\" data-elementor-id=\"1009\" class=\"elementor elementor-1009\">\n\t\t\t\t\t\t<div class=\"elementor-inner\">\n\t\t\t\t<div class=\"elementor-section-wrap\">\n\t\t\t\t\t\t\t\t\t<section class=\"elementor-section elementor-top-section elementor-element elementor-element-feb7748 elementor-section-boxed elementor-section-height-default elementor-section-height-default\" data-id=\"feb7748\" data-element_type=\"section\">\n\t\t\t\t\t\t<div class=\"elementor-container elementor-column-gap-default\">\n\t\t\t\t\t\t\t<div class=\"elementor-row\">\n\t\t\t\t\t<div class=\"elementor-column elementor-col-100 elementor-top-column elementor-element elementor-element-9b72c8d\" data-id=\"9b72c8d\" data-element_type=\"column\">\n\t\t\t<div class=\"elementor-column-wrap elementor-element-populated\">\n\t\t\t\t\t\t\t<div class=\"elementor-widget-wrap\">\n\t\t\t\t\t\t<div class=\"elementor-element elementor-element-0c4ac2d elementor-widget elementor-widget-the7_elements\" data-id=\"0c4ac2d\" data-element_type=\"widget\" data-widget_type=\"the7_elements.default\">\n\t\t\t\t<div class=\"elementor-widget-container\">\n\t\t\t<div  class=\"portfolio-shortcode the7-elementor-widget the7_elements-0c4ac2d mode-grid dt-css-grid-wrap classic-layout-list description-under-image quick-scale-img meta-info-off content-bg-on enable-bg-rollover resize-by-browser-width loading-effect-none jquery-filter\"  data-padding=\"15px\" data-cur-page=\"1\" data-post-limit=\"-1\" data-pagination-mode=\"none\" data-mobile-columns-num=\"1\" data-tablet-columns-num=\"2\" data-desktop-columns-num=\"3\" data-wide-desktop-columns-num=\"4\"><div class=\"dt-css-grid custom-pagination-handler\"><div class=\"visible wf-cell\" data-post-id=\"2024\" data-date=\"2021-03-23T14:31:41+00:00\" data-name=\"Ad-Mat\"><article class=\"post visible post-2024 dt_portfolio type-dt_portfolio status-publish has-post-thumbnail hentry dt_portfolio_category-oblikovano-po-vasi-zelji dt_portfolio_category-54 description-off\" data-name=\"Ad-Mat\" data-date=\"2021-03-23T14:31:41+00:00\">\n\n\t<div class=\"post-thumbnail-wrap rollover-active\">\n\t\t<div class=\"post-thumbnail\">\n\n\t\t\t<a href=\"https:\/\/www.talnagrafika.si\/?dt_portfolio=ad-mat\" class=\"post-thumbnail-rollover layzr-bg\" aria-label=\"Post image\" rel=\"nofollow\"><img loading=\"lazy\" class=\"preload-me lazy-load\" src=\"data:image\/svg+xml,%3Csvg%20xmlns%3D&#39;http%3A%2F%2Fwww.w3.org%2F2000%2Fsvg&#39;%20viewBox%3D&#39;0%200%20768%20384&#39;%2F%3E\" data-src=\"https:\/\/www.talnagrafika.si\/wp-content\/uploads\/2021\/03\/004-Ad-Mat-768x384.jpg\" data-srcset=\"https:\/\/www.talnagrafika.si\/wp-content\/uploads\/2021\/03\/004-Ad-Mat-768x384.jpg 768w, https:\/\/www.talnagrafika.si\/wp-content\/uploads\/2021\/03\/004-Ad-Mat-1152x576.jpg 1152w\" alt=\"Ad-Mat\" title=\"004 Ad-Mat\" width=\"768\" height=\"384\"  \/><\/a><div class=\"project-links-container\"><a href=\"https:\/\/www.talnagrafika.si\/?dt_portfolio=ad-mat\" class=\"project-details\" aria-label=\"Details link\" rel=\"nofollow\"><span aria-hidden=\"true\" class=\"icomoon-the7-font-the7-plus-02\"><\/span><\/a><\/div>\n\t\t<\/div>\n\t<\/div>\n\n\n<div class=\"post-entry-content\">\n\n\t<h3 class=\"ele-entry-title\"><a href=\"https:\/\/www.talnagrafika.si\/?dt_portfolio=ad-mat\" title=\"Ad-Mat\" rel=\"bookmark\">Ad-Mat<\/a><\/h3><div class=\"entry-excerpt\"><p>Ogla\u0161ujte s fotorealisti\u010dno potiskanimi predpra\u017eniki.<\/p>\n<\/div>\n<a class=\"post-details details-type-btn dt-btn-s dt-btn\" href=\"https:\/\/www.talnagrafika.si\/?dt_portfolio=ad-mat\" rel=\"nofollow\" aria-label=\"Read more about Ad-Mat\"><span>Ve\u010d<\/span><i aria-hidden=\"true\" class=\"dt-icon-the7-arrow-552\"><\/i><\/a>\n<\/div><\/article><\/div><div class=\"visible wf-cell\" data-post-id=\"2033\" data-date=\"2021-03-23T14:36:03+00:00\" data-name=\"Bar-Mat\"><article class=\"post visible post-2033 dt_portfolio type-dt_portfolio status-publish has-post-thumbnail hentry dt_portfolio_category-oblikovano-po-vasi-zelji dt_portfolio_category-54 description-off\" data-name=\"Bar-Mat\" data-date=\"2021-03-23T14:36:03+00:00\">\n\n\t<div class=\"post-thumbnail-wrap rollover-active\">\n\t\t<div class=\"post-thumbnail\">\n\n\t\t\t<a href=\"https:\/\/www.talnagrafika.si\/?dt_portfolio=bar-mat\" class=\"post-thumbnail-rollover layzr-bg\" aria-label=\"Post image\" rel=\"nofollow\"><img loading=\"lazy\" class=\"preload-me lazy-load\" src=\"data:image\/svg+xml,%3Csvg%20xmlns%3D&#39;http%3A%2F%2Fwww.w3.org%2F2000%2Fsvg&#39;%20viewBox%3D&#39;0%200%20768%20384&#39;%2F%3E\" data-src=\"https:\/\/www.talnagrafika.si\/wp-content\/uploads\/2021\/03\/006-Bar-Mat-768x384.jpg\" data-srcset=\"https:\/\/www.talnagrafika.si\/wp-content\/uploads\/2021\/03\/006-Bar-Mat-768x384.jpg 768w, https:\/\/www.talnagrafika.si\/wp-content\/uploads\/2021\/03\/006-Bar-Mat-1152x576.jpg 1152w\" alt=\"Bar-Mat\" title=\"006 Bar-Mat\" width=\"768\" height=\"384\"  \/><\/a><div class=\"project-links-container\"><a href=\"https:\/\/www.talnagrafika.si\/?dt_portfolio=bar-mat\" class=\"project-details\" aria-label=\"Details link\" rel=\"nofollow\"><span aria-hidden=\"true\" class=\"icomoon-the7-font-the7-plus-02\"><\/span><\/a><\/div>\n\t\t<\/div>\n\t<\/div>\n\n\n<div class=\"post-entry-content\">\n\n\t<h3 class=\"ele-entry-title\"><a href=\"https:\/\/www.talnagrafika.si\/?dt_portfolio=bar-mat\" title=\"Bar-Mat\" rel=\"bookmark\">Bar-Mat<\/a><\/h3><div class=\"entry-excerpt\"><p>Ogla\u0161ujte na pravem mestu, ob pravem \u010dasu.<\/p>\n<\/div>\n<a class=\"post-details details-type-btn dt-btn-s dt-btn\" href=\"https:\/\/www.talnagrafika.si\/?dt_portfolio=bar-mat\" rel=\"nofollow\" aria-label=\"Read more about Bar-Mat\"><span>Ve\u010d<\/span><i aria-hidden=\"true\" class=\"dt-icon-the7-arrow-552\"><\/i><\/a>\n<\/div><\/article><\/div><div class=\"visible wf-cell\" data-post-id=\"2034\" data-date=\"2021-03-23T14:36:20+00:00\" data-name=\"Event Mat\"><article class=\"post visible post-2034 dt_portfolio type-dt_portfolio status-publish has-post-thumbnail hentry dt_portfolio_category-oblikovano-po-vasi-zelji dt_portfolio_category-54 description-off\" data-name=\"Event Mat\" data-date=\"2021-03-23T14:36:20+00:00\">\n\n\t<div class=\"post-thumbnail-wrap rollover-active\">\n\t\t<div class=\"post-thumbnail\">\n\n\t\t\t<a href=\"https:\/\/www.talnagrafika.si\/?dt_portfolio=event-mat\" class=\"post-thumbnail-rollover layzr-bg\" aria-label=\"Post image\" rel=\"nofollow\"><img loading=\"lazy\" class=\"preload-me lazy-load\" src=\"data:image\/svg+xml,%3Csvg%20xmlns%3D&#39;http%3A%2F%2Fwww.w3.org%2F2000%2Fsvg&#39;%20viewBox%3D&#39;0%200%20768%20384&#39;%2F%3E\" data-src=\"https:\/\/www.talnagrafika.si\/wp-content\/uploads\/2021\/03\/001-Event-Mat-768x384.jpg\" data-srcset=\"https:\/\/www.talnagrafika.si\/wp-content\/uploads\/2021\/03\/001-Event-Mat-768x384.jpg 768w, https:\/\/www.talnagrafika.si\/wp-content\/uploads\/2021\/03\/001-Event-Mat-1152x576.jpg 1152w\" alt=\"Event Mat\" title=\"001 Event Mat\" width=\"768\" height=\"384\"  \/><\/a><div class=\"project-links-container\"><a href=\"https:\/\/www.talnagrafika.si\/?dt_portfolio=event-mat\" class=\"project-details\" aria-label=\"Details link\" rel=\"nofollow\"><span aria-hidden=\"true\" class=\"icomoon-the7-font-the7-plus-02\"><\/span><\/a><\/div>\n\t\t<\/div>\n\t<\/div>\n\n\n<div class=\"post-entry-content\">\n\n\t<h3 class=\"ele-entry-title\"><a href=\"https:\/\/www.talnagrafika.si\/?dt_portfolio=event-mat\" title=\"Event Mat\" rel=\"bookmark\">Event Mat<\/a><\/h3><div class=\"entry-excerpt\"><p>Izstopajte iz mno\u017eice z vrhunsko grafi\u010dno natan\u010dnostjo.<\/p>\n<\/div>\n<a class=\"post-details details-type-btn dt-btn-s dt-btn\" href=\"https:\/\/www.talnagrafika.si\/?dt_portfolio=event-mat\" rel=\"nofollow\" aria-label=\"Read more about Event Mat\"><span>Ve\u010d<\/span><i aria-hidden=\"true\" class=\"dt-icon-the7-arrow-552\"><\/i><\/a>\n<\/div><\/article><\/div><div class=\"visible wf-cell\" data-post-id=\"2035\" data-date=\"2021-03-23T14:36:26+00:00\" data-name=\"Jet-Print\"><article class=\"post visible post-2035 dt_portfolio type-dt_portfolio status-publish has-post-thumbnail hentry dt_portfolio_category-oblikovano-po-vasi-zelji dt_portfolio_category-54 description-off\" data-name=\"Jet-Print\" data-date=\"2021-03-23T14:36:26+00:00\">\n\n\t<div class=\"post-thumbnail-wrap rollover-active\">\n\t\t<div class=\"post-thumbnail\">\n\n\t\t\t<a href=\"https:\/\/www.talnagrafika.si\/?dt_portfolio=jet-print\" class=\"post-thumbnail-rollover layzr-bg\" aria-label=\"Post image\" rel=\"nofollow\"><img loading=\"lazy\" class=\"preload-me lazy-load\" src=\"data:image\/svg+xml,%3Csvg%20xmlns%3D&#39;http%3A%2F%2Fwww.w3.org%2F2000%2Fsvg&#39;%20viewBox%3D&#39;0%200%20768%20384&#39;%2F%3E\" data-src=\"https:\/\/www.talnagrafika.si\/wp-content\/uploads\/2021\/03\/010-Jet-Print-768x384.jpg\" data-srcset=\"https:\/\/www.talnagrafika.si\/wp-content\/uploads\/2021\/03\/010-Jet-Print-768x384.jpg 768w, https:\/\/www.talnagrafika.si\/wp-content\/uploads\/2021\/03\/010-Jet-Print-1152x576.jpg 1152w\" alt=\"Jet-Print\" title=\"010 Jet-Print\" width=\"768\" height=\"384\"  \/><\/a><div class=\"project-links-container\"><a href=\"https:\/\/www.talnagrafika.si\/?dt_portfolio=jet-print\" class=\"project-details\" aria-label=\"Details link\" rel=\"nofollow\"><span aria-hidden=\"true\" class=\"icomoon-the7-font-the7-plus-02\"><\/span><\/a><\/div>\n\t\t<\/div>\n\t<\/div>\n\n\n<div class=\"post-entry-content\">\n\n\t<h3 class=\"ele-entry-title\"><a href=\"https:\/\/www.talnagrafika.si\/?dt_portfolio=jet-print\" title=\"Jet-Print\" rel=\"bookmark\">Jet-Print<\/a><\/h3><div class=\"entry-excerpt\"><p>Funkcionalne preproge z izbirnim logotipom ali sporo\u010dilom za odli\u010den prvi vtis.<\/p>\n<\/div>\n<a class=\"post-details details-type-btn dt-btn-s dt-btn\" href=\"https:\/\/www.talnagrafika.si\/?dt_portfolio=jet-print\" rel=\"nofollow\" aria-label=\"Read more about Jet-Print\"><span>Ve\u010d<\/span><i aria-hidden=\"true\" class=\"dt-icon-the7-arrow-552\"><\/i><\/a>\n<\/div><\/article><\/div><div class=\"visible wf-cell\" data-post-id=\"2036\" data-date=\"2021-03-23T14:36:31+00:00\" data-name=\"Jet-Print Light\"><article class=\"post visible post-2036 dt_portfolio type-dt_portfolio status-publish has-post-thumbnail hentry dt_portfolio_category-oblikovano-po-vasi-zelji dt_portfolio_category-54 description-off\" data-name=\"Jet-Print Light\" data-date=\"2021-03-23T14:36:31+00:00\">\n\n\t<div class=\"post-thumbnail-wrap rollover-active\">\n\t\t<div class=\"post-thumbnail\">\n\n\t\t\t<a href=\"https:\/\/www.talnagrafika.si\/?dt_portfolio=jet-print-light\" class=\"post-thumbnail-rollover layzr-bg\" aria-label=\"Post image\" rel=\"nofollow\"><img loading=\"lazy\" class=\"preload-me lazy-load\" src=\"data:image\/svg+xml,%3Csvg%20xmlns%3D&#39;http%3A%2F%2Fwww.w3.org%2F2000%2Fsvg&#39;%20viewBox%3D&#39;0%200%20768%20384&#39;%2F%3E\" data-src=\"https:\/\/www.talnagrafika.si\/wp-content\/uploads\/2021\/03\/001-Jet-Print-Light-768x384.jpg\" data-srcset=\"https:\/\/www.talnagrafika.si\/wp-content\/uploads\/2021\/03\/001-Jet-Print-Light-768x384.jpg 768w, https:\/\/www.talnagrafika.si\/wp-content\/uploads\/2021\/03\/001-Jet-Print-Light-1152x576.jpg 1152w\" alt=\"Jet-Print Light\" title=\"001 Jet-Print Light\" width=\"768\" height=\"384\"  \/><\/a><div class=\"project-links-container\"><a href=\"https:\/\/www.talnagrafika.si\/?dt_portfolio=jet-print-light\" class=\"project-details\" aria-label=\"Details link\" rel=\"nofollow\"><span aria-hidden=\"true\" class=\"icomoon-the7-font-the7-plus-02\"><\/span><\/a><\/div>\n\t\t<\/div>\n\t<\/div>\n\n\n<div class=\"post-entry-content\">\n\n\t<h3 class=\"ele-entry-title\"><a href=\"https:\/\/www.talnagrafika.si\/?dt_portfolio=jet-print-light\" title=\"Jet-Print Light\" rel=\"bookmark\">Jet-Print Light<\/a><\/h3><div class=\"entry-excerpt\"><p>Vpadljivi oglasi na funkcionalnih promocijskih preprogah.<\/p>\n<\/div>\n<a class=\"post-details details-type-btn dt-btn-s dt-btn\" href=\"https:\/\/www.talnagrafika.si\/?dt_portfolio=jet-print-light\" rel=\"nofollow\" aria-label=\"Read more about Jet-Print Light\"><span>Ve\u010d<\/span><i aria-hidden=\"true\" class=\"dt-icon-the7-arrow-552\"><\/i><\/a>\n<\/div><\/article><\/div><div class=\"visible wf-cell\" data-post-id=\"2037\" data-date=\"2021-03-23T14:36:35+00:00\" data-name=\"Jet-Print Velour\"><article class=\"post visible post-2037 dt_portfolio type-dt_portfolio status-publish has-post-thumbnail hentry dt_portfolio_category-oblikovano-po-vasi-zelji dt_portfolio_category-54 description-off\" data-name=\"Jet-Print Velour\" data-date=\"2021-03-23T14:36:35+00:00\">\n\n\t<div class=\"post-thumbnail-wrap rollover-active\">\n\t\t<div class=\"post-thumbnail\">\n\n\t\t\t<a href=\"https:\/\/www.talnagrafika.si\/?dt_portfolio=jet-print-velour\" class=\"post-thumbnail-rollover layzr-bg\" aria-label=\"Post image\" rel=\"nofollow\"><img loading=\"lazy\" class=\"preload-me lazy-load\" src=\"data:image\/svg+xml,%3Csvg%20xmlns%3D&#39;http%3A%2F%2Fwww.w3.org%2F2000%2Fsvg&#39;%20viewBox%3D&#39;0%200%20768%20384&#39;%2F%3E\" data-src=\"https:\/\/www.talnagrafika.si\/wp-content\/uploads\/2021\/03\/005-Jet-Print-Velour-768x384.jpg\" data-srcset=\"https:\/\/www.talnagrafika.si\/wp-content\/uploads\/2021\/03\/005-Jet-Print-Velour-768x384.jpg 768w, https:\/\/www.talnagrafika.si\/wp-content\/uploads\/2021\/03\/005-Jet-Print-Velour-1152x576.jpg 1152w\" alt=\"Jet-Print Velour\" title=\"005 Jet-Print Velour\" width=\"768\" height=\"384\"  \/><\/a><div class=\"project-links-container\"><a href=\"https:\/\/www.talnagrafika.si\/?dt_portfolio=jet-print-velour\" class=\"project-details\" aria-label=\"Details link\" rel=\"nofollow\"><span aria-hidden=\"true\" class=\"icomoon-the7-font-the7-plus-02\"><\/span><\/a><\/div>\n\t\t<\/div>\n\t<\/div>\n\n\n<div class=\"post-entry-content\">\n\n\t<h3 class=\"ele-entry-title\"><a href=\"https:\/\/www.talnagrafika.si\/?dt_portfolio=jet-print-velour\" title=\"Jet-Print Velour\" rel=\"bookmark\">Jet-Print Velour<\/a><\/h3><div class=\"entry-excerpt\"><p>Vpadljiva, pralna promocijska preproga s fotorealisti\u010dnim tiskom po meri.<\/p>\n<\/div>\n<a class=\"post-details details-type-btn dt-btn-s dt-btn\" href=\"https:\/\/www.talnagrafika.si\/?dt_portfolio=jet-print-velour\" rel=\"nofollow\" aria-label=\"Read more about Jet-Print Velour\"><span>Ve\u010d<\/span><i aria-hidden=\"true\" class=\"dt-icon-the7-arrow-552\"><\/i><\/a>\n<\/div><\/article><\/div><div class=\"visible wf-cell\" data-post-id=\"2038\" data-date=\"2021-03-23T14:36:40+00:00\" data-name=\"Jet-Print Vision\"><article class=\"post visible post-2038 dt_portfolio type-dt_portfolio status-publish has-post-thumbnail hentry dt_portfolio_category-oblikovano-po-vasi-zelji dt_portfolio_category-54 description-off\" data-name=\"Jet-Print Vision\" data-date=\"2021-03-23T14:36:40+00:00\">\n\n\t<div class=\"post-thumbnail-wrap rollover-active\">\n\t\t<div class=\"post-thumbnail\">\n\n\t\t\t<a href=\"https:\/\/www.talnagrafika.si\/?dt_portfolio=jet-print-vision\" class=\"post-thumbnail-rollover layzr-bg\" aria-label=\"Post image\" rel=\"nofollow\"><img loading=\"lazy\" class=\"preload-me lazy-load\" src=\"data:image\/svg+xml,%3Csvg%20xmlns%3D&#39;http%3A%2F%2Fwww.w3.org%2F2000%2Fsvg&#39;%20viewBox%3D&#39;0%200%20768%20384&#39;%2F%3E\" data-src=\"https:\/\/www.talnagrafika.si\/wp-content\/uploads\/2021\/03\/004-Jet-Print-Vision-768x384.jpg\" data-srcset=\"https:\/\/www.talnagrafika.si\/wp-content\/uploads\/2021\/03\/004-Jet-Print-Vision-768x384.jpg 768w, https:\/\/www.talnagrafika.si\/wp-content\/uploads\/2021\/03\/004-Jet-Print-Vision-1152x576.jpg 1152w\" alt=\"Jet-Print Vision\" title=\"004 Jet-Print Vision\" width=\"768\" height=\"384\"  \/><\/a><div class=\"project-links-container\"><a href=\"https:\/\/www.talnagrafika.si\/?dt_portfolio=jet-print-vision\" class=\"project-details\" aria-label=\"Details link\" rel=\"nofollow\"><span aria-hidden=\"true\" class=\"icomoon-the7-font-the7-plus-02\"><\/span><\/a><\/div>\n\t\t<\/div>\n\t<\/div>\n\n\n<div class=\"post-entry-content\">\n\n\t<h3 class=\"ele-entry-title\"><a href=\"https:\/\/www.talnagrafika.si\/?dt_portfolio=jet-print-vision\" title=\"Jet-Print Vision\" rel=\"bookmark\">Jet-Print Vision<\/a><\/h3><div class=\"entry-excerpt\"><p>Neverjeten tisk na \u017eametno gladki preprogi.<\/p>\n<\/div>\n<a class=\"post-details details-type-btn dt-btn-s dt-btn\" href=\"https:\/\/www.talnagrafika.si\/?dt_portfolio=jet-print-vision\" rel=\"nofollow\" aria-label=\"Read more about Jet-Print Vision\"><span>Ve\u010d<\/span><i aria-hidden=\"true\" class=\"dt-icon-the7-arrow-552\"><\/i><\/a>\n<\/div><\/article><\/div><div class=\"visible wf-cell\" data-post-id=\"2039\" data-date=\"2021-03-23T14:36:52+00:00\" data-name=\"Jet-Print Vision Plus\"><article class=\"post visible post-2039 dt_portfolio type-dt_portfolio status-publish has-post-thumbnail hentry dt_portfolio_category-oblikovano-po-vasi-zelji dt_portfolio_category-54 description-off\" data-name=\"Jet-Print Vision Plus\" data-date=\"2021-03-23T14:36:52+00:00\">\n\n\t<div class=\"post-thumbnail-wrap rollover-active\">\n\t\t<div class=\"post-thumbnail\">\n\n\t\t\t<a href=\"https:\/\/www.talnagrafika.si\/?dt_portfolio=jet-print-vision-plus\" class=\"post-thumbnail-rollover layzr-bg\" aria-label=\"Post image\" rel=\"nofollow\"><img loading=\"lazy\" class=\"preload-me lazy-load\" src=\"data:image\/svg+xml,%3Csvg%20xmlns%3D&#39;http%3A%2F%2Fwww.w3.org%2F2000%2Fsvg&#39;%20viewBox%3D&#39;0%200%20768%20384&#39;%2F%3E\" data-src=\"https:\/\/www.talnagrafika.si\/wp-content\/uploads\/2021\/03\/002-Jet-Print-Vision-Plus-768x384.jpg\" data-srcset=\"https:\/\/www.talnagrafika.si\/wp-content\/uploads\/2021\/03\/002-Jet-Print-Vision-Plus-768x384.jpg 768w, https:\/\/www.talnagrafika.si\/wp-content\/uploads\/2021\/03\/002-Jet-Print-Vision-Plus-1152x576.jpg 1152w\" alt=\"Jet-Print Vision Plus\" title=\"002 Jet-Print Vision Plus\" width=\"768\" height=\"384\"  \/><\/a><div class=\"project-links-container\"><a href=\"https:\/\/www.talnagrafika.si\/?dt_portfolio=jet-print-vision-plus\" class=\"project-details\" aria-label=\"Details link\" rel=\"nofollow\"><span aria-hidden=\"true\" class=\"icomoon-the7-font-the7-plus-02\"><\/span><\/a><\/div>\n\t\t<\/div>\n\t<\/div>\n\n\n<div class=\"post-entry-content\">\n\n\t<h3 class=\"ele-entry-title\"><a href=\"https:\/\/www.talnagrafika.si\/?dt_portfolio=jet-print-vision-plus\" title=\"Jet-Print Vision Plus\" rel=\"bookmark\">Jet-Print Vision Plus<\/a><\/h3><div class=\"entry-excerpt\"><p>Enakomerno \u017eametna povr\u0161ina in neverjeten tisk na premium tkanini.<\/p>\n<\/div>\n<a class=\"post-details details-type-btn dt-btn-s dt-btn\" href=\"https:\/\/www.talnagrafika.si\/?dt_portfolio=jet-print-vision-plus\" rel=\"nofollow\" aria-label=\"Read more about Jet-Print Vision Plus\"><span>Ve\u010d<\/span><i aria-hidden=\"true\" class=\"dt-icon-the7-arrow-552\"><\/i><\/a>\n<\/div><\/article><\/div><div class=\"visible wf-cell\" data-post-id=\"2040\" data-date=\"2021-03-23T14:36:57+00:00\" data-name=\"Kleen-Way\"><article class=\"post visible post-2040 dt_portfolio type-dt_portfolio status-publish has-post-thumbnail hentry dt_portfolio_category-oblikovano-po-vasi-zelji dt_portfolio_category-54 description-off\" data-name=\"Kleen-Way\" data-date=\"2021-03-23T14:36:57+00:00\">\n\n\t<div class=\"post-thumbnail-wrap rollover-active\">\n\t\t<div class=\"post-thumbnail\">\n\n\t\t\t<a href=\"https:\/\/www.talnagrafika.si\/?dt_portfolio=kleen-waz\" class=\"post-thumbnail-rollover layzr-bg\" aria-label=\"Post image\" rel=\"nofollow\"><img loading=\"lazy\" class=\"preload-me lazy-load\" src=\"data:image\/svg+xml,%3Csvg%20xmlns%3D&#39;http%3A%2F%2Fwww.w3.org%2F2000%2Fsvg&#39;%20viewBox%3D&#39;0%200%20768%20384&#39;%2F%3E\" data-src=\"https:\/\/www.talnagrafika.si\/wp-content\/uploads\/2021\/03\/Kleen-Way-PVC-04-768x384.jpg\" data-srcset=\"https:\/\/www.talnagrafika.si\/wp-content\/uploads\/2021\/03\/Kleen-Way-PVC-04-768x384.jpg 768w, https:\/\/www.talnagrafika.si\/wp-content\/uploads\/2021\/03\/Kleen-Way-PVC-04-1152x576.jpg 1152w\" alt=\"Kleen-Way\" title=\"Kleen-Way-PVC-04\" width=\"768\" height=\"384\"  \/><\/a><div class=\"project-links-container\"><a href=\"https:\/\/www.talnagrafika.si\/?dt_portfolio=kleen-waz\" class=\"project-details\" aria-label=\"Details link\" rel=\"nofollow\"><span aria-hidden=\"true\" class=\"icomoon-the7-font-the7-plus-02\"><\/span><\/a><\/div>\n\t\t<\/div>\n\t<\/div>\n\n\n<div class=\"post-entry-content\">\n\n\t<h3 class=\"ele-entry-title\"><a href=\"https:\/\/www.talnagrafika.si\/?dt_portfolio=kleen-waz\" title=\"Kleen-Way\" rel=\"bookmark\">Kleen-Way<\/a><\/h3><div class=\"entry-excerpt\"><p>Spremenite svoje stranke v zvezdnike na izredno dolgih rde\u010dih preprogah, oblikovanih po va\u0161i \u017eelji.<\/p>\n<\/div>\n<a class=\"post-details details-type-btn dt-btn-s dt-btn\" href=\"https:\/\/www.talnagrafika.si\/?dt_portfolio=kleen-waz\" rel=\"nofollow\" aria-label=\"Read more about Kleen-Way\"><span>Ve\u010d<\/span><i aria-hidden=\"true\" class=\"dt-icon-the7-arrow-552\"><\/i><\/a>\n<\/div><\/article><\/div><div class=\"visible wf-cell\" data-post-id=\"2112\" data-date=\"2021-03-23T16:04:30+00:00\" data-name=\"Logo Outdoor\"><article class=\"post visible post-2112 dt_portfolio type-dt_portfolio status-publish has-post-thumbnail hentry dt_portfolio_category-oblikovano-po-vasi-zelji dt_portfolio_category-54 description-off\" data-name=\"Logo Outdoor\" data-date=\"2021-03-23T16:04:30+00:00\">\n\n\t<div class=\"post-thumbnail-wrap rollover-active\">\n\t\t<div class=\"post-thumbnail\">\n\n\t\t\t<a href=\"https:\/\/www.talnagrafika.si\/?dt_portfolio=logo-outdoor\" class=\"post-thumbnail-rollover layzr-bg\" aria-label=\"Post image\" rel=\"nofollow\"><img loading=\"lazy\" class=\"preload-me lazy-load\" src=\"data:image\/svg+xml,%3Csvg%20xmlns%3D&#39;http%3A%2F%2Fwww.w3.org%2F2000%2Fsvg&#39;%20viewBox%3D&#39;0%200%20768%20384&#39;%2F%3E\" data-src=\"https:\/\/www.talnagrafika.si\/wp-content\/uploads\/2021\/03\/003-Logo-Outdoor-1-768x384.jpg\" data-srcset=\"https:\/\/www.talnagrafika.si\/wp-content\/uploads\/2021\/03\/003-Logo-Outdoor-1-768x384.jpg 768w, https:\/\/www.talnagrafika.si\/wp-content\/uploads\/2021\/03\/003-Logo-Outdoor-1-1152x576.jpg 1152w\" alt=\"Logo Outdoor\" title=\"003 Logo Outdoor\" width=\"768\" height=\"384\"  \/><\/a><div class=\"project-links-container\"><a href=\"https:\/\/www.talnagrafika.si\/?dt_portfolio=logo-outdoor\" class=\"project-details\" aria-label=\"Details link\" rel=\"nofollow\"><span aria-hidden=\"true\" class=\"icomoon-the7-font-the7-plus-02\"><\/span><\/a><\/div>\n\t\t<\/div>\n\t<\/div>\n\n\n<div class=\"post-entry-content\">\n\n\t<h3 class=\"ele-entry-title\"><a href=\"https:\/\/www.talnagrafika.si\/?dt_portfolio=logo-outdoor\" title=\"Logo Outdoor\" rel=\"bookmark\">Logo Outdoor<\/a><\/h3><div class=\"entry-excerpt\"><p>Poka\u017eite svoj logo, vzorec ali oglasno sporo\u010dilo na prostem.<\/p>\n<\/div>\n<a class=\"post-details details-type-btn dt-btn-s dt-btn\" href=\"https:\/\/www.talnagrafika.si\/?dt_portfolio=logo-outdoor\" rel=\"nofollow\" aria-label=\"Read more about Logo Outdoor\"><span>Ve\u010d<\/span><i aria-hidden=\"true\" class=\"dt-icon-the7-arrow-552\"><\/i><\/a>\n<\/div><\/article><\/div><\/div><!-- iso-container|iso-grid --><\/div>\t\t<\/div>\n\t\t\t\t<\/div>\n\t\t\t\t\t\t<\/div>\n\t\t\t\t\t<\/div>\n\t\t<\/div>\n\t\t\t\t\t\t\t\t<\/div>\n\t\t\t\t\t<\/div>\n\t\t<\/section>\n\t\t\t\t\t\t\t\t\t<\/div>\n\t\t\t<\/div>\n\t\t\t\t\t<\/div>\n\t\t","protected":false},"excerpt":{"rendered":"<p>Ad-Mat Ogla\u0161ujte s fotorealisti\u010dno potiskanimi predpra\u017eniki. Ve\u010d Bar-Mat Ogla\u0161ujte na pravem mestu, ob pravem \u010dasu. Ve\u010d Event Mat Izstopajte iz mno\u017eice z vrhunsko grafi\u010dno natan\u010dnostjo. Ve\u010d Jet-Print Funkcionalne preproge z izbirnim logotipom ali sporo\u010dilom za odli\u010den prvi vtis. Ve\u010d Jet-Print Light Vpadljivi oglasi na funkcionalnih promocijskih preprogah. Ve\u010d Jet-Print Velour Vpadljiva, pralna promocijska preproga s&hellip;<\/p>\n","protected":false},"author":2,"featured_media":354,"parent":0,"menu_order":7,"comment_status":"closed","ping_status":"closed","template":"elementor_header_footer","meta":[],"aioseo_notices":[],"_links":{"self":[{"href":"https:\/\/www.talnagrafika.si\/index.php?rest_route=\/wp\/v2\/pages\/1009"}],"collection":[{"href":"https:\/\/www.talnagrafika.si\/index.php?rest_route=\/wp\/v2\/pages"}],"about":[{"href":"https:\/\/www.talnagrafika.si\/index.php?rest_route=\/wp\/v2\/types\/page"}],"author":[{"embeddable":true,"href":"https:\/\/www.talnagrafika.si\/index.php?rest_route=\/wp\/v2\/users\/2"}],"replies":[{"embeddable":true,"href":"https:\/\/www.talnagrafika.si\/index.php?rest_route=%2Fwp%2Fv2%2Fcomments&post=1009"}],"version-history":[{"count":3,"href":"https:\/\/www.talnagrafika.si\/index.php?rest_route=\/wp\/v2\/pages\/1009\/revisions"}],"predecessor-version":[{"id":3696,"href":"https:\/\/www.talnagrafika.si\/index.php?rest_route=\/wp\/v2\/pages\/1009\/revisions\/3696"}],"wp:featuredmedia":[{"embeddable":true,"href":"https:\/\/www.talnagrafika.si\/index.php?rest_route=\/wp\/v2\/media\/354"}],"wp:attachment":[{"href":"https:\/\/www.talnagrafika.si\/index.php?rest_route=%2Fwp%2Fv2%2Fmedia&parent=1009"}],"curies":[{"name":"wp","href":"https:\/\/api.w.org\/{rel}","templated":true}]}}